{"id":2121,"date":"2024-05-14T17:55:46","date_gmt":"2024-05-14T17:55:46","guid":{"rendered":"https:\/\/tecmaq.com.br\/loja\/?post_type=product&#038;p=2121"},"modified":"2025-01-23T14:23:32","modified_gmt":"2025-01-23T14:23:32","slug":"ts-220","status":"publish","type":"product","link":"https:\/\/tecmaq.com.br\/loja\/product\/ts-220\/","title":{"rendered":"TS 220"},"content":{"rendered":"\t\t<div data-elementor-type=\"product-post\" data-elementor-id=\"2121\" class=\"elementor elementor-2121\" data-elementor-post-type=\"product\">\n\t\t\t\t<div class=\"elementor-element elementor-element-3e0612df e-flex e-con-boxed e-con e-parent\" data-id=\"3e0612df\" data-element_type=\"container\">\n\t\t\t\t\t<div class=\"e-con-inner\">\n\t\t\t\t<div class=\"elementor-element elementor-element-72f6d7d elementor-widget elementor-widget-text-editor\" data-id=\"72f6d7d\" data-element_type=\"widget\" data-widget_type=\"text-editor.default\">\n\t\t\t\t<div class=\"elementor-widget-container\">\n\t\t\t\t\t\t\t\t\t<div class=\"elementor-element elementor-element-4256e6c elementor-widget elementor-widget-text-editor\" data-id=\"4256e6c\" data-element_type=\"widget\" data-widget_type=\"text-editor.default\"><div class=\"elementor-widget-container\"><div class=\"elementor-text-editor elementor-clearfix\"><p>Sela sacos pl\u00e1sticos de at\u00e9 22 cm de boca x 0,20 mm de espessura.<\/p><\/div><\/div><\/div><div class=\"elementor-element elementor-element-9b64477 elementor-widget elementor-widget-cms_heading\" data-id=\"9b64477\" data-element_type=\"widget\" data-widget_type=\"cms_heading.default\"><div class=\"elementor-widget-container\"><div class=\"cms-heading-wrapper cms-heading-layout1 \"><h4 class=\"custom-heading \">Especifica\u00e7\u00f5es<\/h4><\/div><\/div><\/div><div class=\"elementor-element elementor-element-9ac8528 elementor-widget elementor-widget-cms_list\" data-id=\"9ac8528\" data-element_type=\"widget\" data-widget_type=\"cms_list.default\"><div class=\"elementor-widget-container\"><ul class=\"cms-list style2\"><li class=\"\"><i class=\"zmdi zmdi-check-circle\"><\/i>Fun\u00e7\u00e3o: Sela sacos pl\u00e1sticos de at\u00e9 22 cm de boca x 0,20 mm de espessura<\/li><li class=\"\"><i class=\"zmdi zmdi-check-circle\"><\/i>Voltagem: funciona em 127-220 Volts<\/li><li class=\"\"><i class=\"zmdi zmdi-check-circle\"><\/i>Consumo m\u00e1ximo de energia: 0,14 Kwh (s\u00f3 consome energia durante o tempo de selagem)<\/li><li class=\"\"><i class=\"zmdi zmdi-check-circle\"><\/i>Selagem: Instant\u00e2nea de alta resist\u00eancia com 3 mm de largura<\/li><li class=\"\"><i class=\"zmdi zmdi-check-circle\"><\/i>Diferenciais: &#8211; Controle de Temperatura por Temporizador &#8211; Sistema de troca de resist\u00eancia e teflon simplificado. &#8211; Al\u00e7a de acionamento confort\u00e1vel. &#8211; Gabinete em a\u00e7o carbono, cortado a laser.<\/li><li class=\"\"><i class=\"zmdi zmdi-check-circle\"><\/i>Medidas Externas: Largura: 26,5cm Profundidade: 21cm Altura: 13,5cm Peso: 3,180Kg<\/li><\/ul><\/div><\/div>\t\t\t\t\t\t\t\t<\/div>\n\t\t\t\t<\/div>\n\t\t\t\t\t<\/div>\n\t\t\t\t<\/div>\n\t\t\t\t<\/div>\n\t\t","protected":false},"excerpt":{"rendered":"<div class=\"elementor-element elementor-element-4256e6c elementor-widget elementor-widget-text-editor\" data-id=\"4256e6c\" data-element_type=\"widget\" data-widget_type=\"text-editor.default\">\n<div class=\"elementor-widget-container\">\n<div class=\"elementor-text-editor elementor-clearfix\">\n<p>Sela sacos pl\u00e1sticos de at\u00e9 22 cm de boca x 0,20 mm de espessura.<\/p>\n<\/div>\n<\/div>\n<\/div>\n<div class=\"elementor-element elementor-element-9b64477 elementor-widget elementor-widget-cms_heading\" data-id=\"9b64477\" data-element_type=\"widget\" data-widget_type=\"cms_heading.default\">\n<div class=\"elementor-widget-container\">\n<div class=\"cms-heading-wrapper cms-heading-layout1 \">\n<h3 class=\"custom-heading \">Especifica\u00e7\u00f5es<\/h3>\n<\/div>\n<\/div>\n<\/div>\n<div class=\"elementor-element elementor-element-9ac8528 elementor-widget elementor-widget-cms_list\" data-id=\"9ac8528\" data-element_type=\"widget\" data-widget_type=\"cms_list.default\">\n<div class=\"elementor-widget-container\">\n<ul class=\"cms-list style2\">\n<li class=\"\"><i class=\"zmdi zmdi-check-circle\"><\/i>Fun\u00e7\u00e3o: Sela sacos pl\u00e1sticos de at\u00e9 22 cm de boca x 0,20 mm de espessura<\/li>\n<li class=\"\"><i class=\"zmdi zmdi-check-circle\"><\/i>Voltagem: funciona em 127-220 Volts<\/li>\n<li class=\"\"><i class=\"zmdi zmdi-check-circle\"><\/i>Consumo m\u00e1ximo de energia: 0,14 Kwh (s\u00f3 consome energia durante o tempo de selagem)<\/li>\n<li class=\"\"><i class=\"zmdi zmdi-check-circle\"><\/i>Selagem: Instant\u00e2nea de alta resist\u00eancia com 3 mm de largura<\/li>\n<li class=\"\"><i class=\"zmdi zmdi-check-circle\"><\/i>Diferenciais: &#8211; Controle de Temperatura por Temporizador &#8211; Sistema de troca de resist\u00eancia e teflon simplificado. &#8211; Al\u00e7a de acionamento confort\u00e1vel. &#8211; Gabinete em a\u00e7o carbono, cortado a laser.<\/li>\n<li class=\"\"><i class=\"zmdi zmdi-check-circle\"><\/i>Medidas Externas: Largura: 26,5cm Profundidade: 21cm Altura: 13,5cm Peso: 3,180Kg<\/li>\n<\/ul>\n<\/div>\n<\/div>\n","protected":false},"featured_media":2155,"template":"","meta":[],"etheme_brands":[],"product_brand":[],"product_cat":[51],"product_tag":[],"class_list":{"0":"post-2121","1":"product","2":"type-product","3":"status-publish","4":"has-post-thumbnail","6":"product_cat-manual1","8":"first","9":"instock","10":"taxable","11":"shipping-taxable","12":"purchasable","13":"product-type-simple"},"_links":{"self":[{"href":"https:\/\/tecmaq.com.br\/loja\/wp-json\/wp\/v2\/product\/2121","targetHints":{"allow":["GET"]}}],"collection":[{"href":"https:\/\/tecmaq.com.br\/loja\/wp-json\/wp\/v2\/product"}],"about":[{"href":"https:\/\/tecmaq.com.br\/loja\/wp-json\/wp\/v2\/types\/product"}],"version-history":[{"count":7,"href":"https:\/\/tecmaq.com.br\/loja\/wp-json\/wp\/v2\/product\/2121\/revisions"}],"predecessor-version":[{"id":2246,"href":"https:\/\/tecmaq.com.br\/loja\/wp-json\/wp\/v2\/product\/2121\/revisions\/2246"}],"wp:featuredmedia":[{"embeddable":true,"href":"https:\/\/tecmaq.com.br\/loja\/wp-json\/wp\/v2\/media\/2155"}],"wp:attachment":[{"href":"https:\/\/tecmaq.com.br\/loja\/wp-json\/wp\/v2\/media?parent=2121"}],"wp:term":[{"taxonomy":"brand","embeddable":true,"href":"https:\/\/tecmaq.com.br\/loja\/wp-json\/wp\/v2\/etheme_brands?post=2121"},{"taxonomy":"product_brand","embeddable":true,"href":"https:\/\/tecmaq.com.br\/loja\/wp-json\/wp\/v2\/product_brand?post=2121"},{"taxonomy":"product_cat","embeddable":true,"href":"https:\/\/tecmaq.com.br\/loja\/wp-json\/wp\/v2\/product_cat?post=2121"},{"taxonomy":"product_tag","embeddable":true,"href":"https:\/\/tecmaq.com.br\/loja\/wp-json\/wp\/v2\/product_tag?post=2121"}],"curies":[{"name":"wp","href":"https:\/\/api.w.org\/{rel}","templated":true}]}}