{"id":2204,"date":"2024-08-02T11:42:30","date_gmt":"2024-08-02T11:42:30","guid":{"rendered":"https:\/\/tecmaq.com.br\/loja\/?post_type=product&#038;p=2204"},"modified":"2024-08-02T18:56:06","modified_gmt":"2024-08-02T18:56:06","slug":"embaladora-pvc-500","status":"publish","type":"product","link":"https:\/\/tecmaq.com.br\/loja\/product\/embaladora-pvc-500\/","title":{"rendered":"PVC 500"},"content":{"rendered":"\t\t<div data-elementor-type=\"product-post\" data-elementor-id=\"2204\" class=\"elementor elementor-2204\" data-elementor-post-type=\"product\">\n\t\t\t\t<div class=\"elementor-element elementor-element-18f43630 e-flex e-con-boxed e-con e-parent\" data-id=\"18f43630\" data-element_type=\"container\">\n\t\t\t\t\t<div class=\"e-con-inner\">\n\t\t\t\t<div class=\"elementor-element elementor-element-3845d5b1 elementor-widget elementor-widget-text-editor\" data-id=\"3845d5b1\" data-element_type=\"widget\" data-widget_type=\"text-editor.default\">\n\t\t\t\t<div class=\"elementor-widget-container\">\n\t\t\t\t\t\t\t\t\t<div class=\"elementor-element elementor-element-4256e6c elementor-widget elementor-widget-text-editor\" data-id=\"4256e6c\" data-element_type=\"widget\" data-widget_type=\"text-editor.default\"><div class=\"elementor-widget-container\"><div class=\"elementor-text-editor elementor-clearfix\"><p>Indicada para acondicionar perec\u00edveis ou fracionados em pel\u00edcula de PVC estic\u00e1vel, tais como carnes, frios, frutas, legumes, p\u00e3es, etc.<\/p><p>Atende a supermercados, padarias, a\u00e7ougues, lojas de hortifr\u00fatis, etc.<\/p><\/div><\/div><\/div><div class=\"elementor-element elementor-element-9b64477 elementor-widget elementor-widget-cms_heading\" data-id=\"9b64477\" data-element_type=\"widget\" data-widget_type=\"cms_heading.default\"><div class=\"elementor-widget-container\"><div class=\"cms-heading-wrapper cms-heading-layout1 \"><h4 class=\"custom-heading \">Especifica\u00e7\u00f5es<\/h4><\/div><\/div><\/div><div class=\"elementor-element elementor-element-9ac8528 elementor-widget elementor-widget-cms_list\" data-id=\"9ac8528\" data-element_type=\"widget\" data-widget_type=\"cms_list.default\"><div class=\"elementor-widget-container\"><ul class=\"cms-list style2\"><li class=\"\"><i class=\"zmdi zmdi-check-circle\"><\/i>\u00a0Fun\u00e7\u00e3o: trabalha com bobinas de at\u00e9 50 cm<\/li><li class=\"\"><i class=\"zmdi zmdi-check-circle\"><\/i>Voltagem: fabricada em 220 Volts<\/li><li class=\"\"><i class=\"zmdi zmdi-check-circle\"><\/i>Consumo m\u00e1ximo de energia: 0,40 Kwh (s\u00f3 consome energia durante o tempo de selagem)<\/li><li class=\"\"><i class=\"zmdi zmdi-check-circle\"><\/i>Diferenciais: Resist\u00eancia de corte em a\u00e7o inox tubular Controle de temperatura de corte em 5 posi\u00e7\u00f5es; Prote\u00e7\u00e3o das \u00e1reas aquecidas. Gabinete em a\u00e7o inox cortados a laser.<\/li><li class=\"\"><i class=\"zmdi zmdi-check-circle\"><\/i>Medidas Externas: Largura: 53,5 cm Profundidade: 69 cm Altura: 14 cm Peso: \u00a08,550Kg<\/li><\/ul><\/div><\/div>\t\t\t\t\t\t\t\t<\/div>\n\t\t\t\t<\/div>\n\t\t\t\t\t<\/div>\n\t\t\t\t<\/div>\n\t\t\t\t<\/div>\n\t\t","protected":false},"excerpt":{"rendered":"<div class=\"elementor-element elementor-element-4256e6c elementor-widget elementor-widget-text-editor\" data-id=\"4256e6c\" data-element_type=\"widget\" data-widget_type=\"text-editor.default\">\n<div class=\"elementor-widget-container\">\n<div class=\"elementor-text-editor elementor-clearfix\">\n<p>Indicada para acondicionar perec\u00edveis ou fracionados em pel\u00edcula de PVC estic\u00e1vel, tais como carnes, frios, frutas, legumes, p\u00e3es, etc.<\/p>\n<p>Atende a supermercados, padarias, a\u00e7ougues, lojas de hortifr\u00fatis, etc.<\/p>\n<\/div>\n<\/div>\n<\/div>\n<div class=\"elementor-element elementor-element-9b64477 elementor-widget elementor-widget-cms_heading\" data-id=\"9b64477\" data-element_type=\"widget\" data-widget_type=\"cms_heading.default\">\n<div class=\"elementor-widget-container\">\n<div class=\"cms-heading-wrapper cms-heading-layout1 \">\n<h3 class=\"custom-heading \">Especifica\u00e7\u00f5es<\/h3>\n<\/div>\n<\/div>\n<\/div>\n<div class=\"elementor-element elementor-element-9ac8528 elementor-widget elementor-widget-cms_list\" data-id=\"9ac8528\" data-element_type=\"widget\" data-widget_type=\"cms_list.default\">\n<div class=\"elementor-widget-container\">\n<ul class=\"cms-list style2\">\n<li class=\"\"><i class=\"zmdi zmdi-check-circle\"><\/i>\u00a0Fun\u00e7\u00e3o: trabalha com bobinas de at\u00e9 50 cm<\/li>\n<li class=\"\"><i class=\"zmdi zmdi-check-circle\"><\/i>Voltagem: fabricada em 220 Volts<\/li>\n<li class=\"\"><i class=\"zmdi zmdi-check-circle\"><\/i>Consumo m\u00e1ximo de energia: 0,40 Kwh (s\u00f3 consome energia durante o tempo de selagem)<\/li>\n<li class=\"\"><i class=\"zmdi zmdi-check-circle\"><\/i>Diferenciais: Resist\u00eancia de corte em a\u00e7o inox tubular Controle de temperatura de corte em 5 posi\u00e7\u00f5es; Prote\u00e7\u00e3o das \u00e1reas aquecidas. Gabinete em a\u00e7o inox cortados a laser.<\/li>\n<li class=\"\"><i class=\"zmdi zmdi-check-circle\"><\/i>Medidas Externas: Largura: 53,5 cm Profundidade: 69 cm Altura: 14 cm Peso: \u00a08,550Kg<\/li>\n<\/ul>\n<\/div>\n<\/div>\n","protected":false},"featured_media":2207,"template":"","meta":[],"etheme_brands":[],"product_brand":[],"product_cat":[75],"product_tag":[],"class_list":{"0":"post-2204","1":"product","2":"type-product","3":"status-publish","4":"has-post-thumbnail","6":"product_cat-embaladora","8":"first","9":"instock","10":"taxable","11":"shipping-taxable","12":"purchasable","13":"product-type-simple"},"_links":{"self":[{"href":"https:\/\/tecmaq.com.br\/loja\/wp-json\/wp\/v2\/product\/2204","targetHints":{"allow":["GET"]}}],"collection":[{"href":"https:\/\/tecmaq.com.br\/loja\/wp-json\/wp\/v2\/product"}],"about":[{"href":"https:\/\/tecmaq.com.br\/loja\/wp-json\/wp\/v2\/types\/product"}],"version-history":[{"count":7,"href":"https:\/\/tecmaq.com.br\/loja\/wp-json\/wp\/v2\/product\/2204\/revisions"}],"predecessor-version":[{"id":2241,"href":"https:\/\/tecmaq.com.br\/loja\/wp-json\/wp\/v2\/product\/2204\/revisions\/2241"}],"wp:featuredmedia":[{"embeddable":true,"href":"https:\/\/tecmaq.com.br\/loja\/wp-json\/wp\/v2\/media\/2207"}],"wp:attachment":[{"href":"https:\/\/tecmaq.com.br\/loja\/wp-json\/wp\/v2\/media?parent=2204"}],"wp:term":[{"taxonomy":"brand","embeddable":true,"href":"https:\/\/tecmaq.com.br\/loja\/wp-json\/wp\/v2\/etheme_brands?post=2204"},{"taxonomy":"product_brand","embeddable":true,"href":"https:\/\/tecmaq.com.br\/loja\/wp-json\/wp\/v2\/product_brand?post=2204"},{"taxonomy":"product_cat","embeddable":true,"href":"https:\/\/tecmaq.com.br\/loja\/wp-json\/wp\/v2\/product_cat?post=2204"},{"taxonomy":"product_tag","embeddable":true,"href":"https:\/\/tecmaq.com.br\/loja\/wp-json\/wp\/v2\/product_tag?post=2204"}],"curies":[{"name":"wp","href":"https:\/\/api.w.org\/{rel}","templated":true}]}}