{"id":2212,"date":"2024-08-02T14:20:36","date_gmt":"2024-08-02T14:20:36","guid":{"rendered":"https:\/\/tecmaq.com.br\/loja\/?post_type=product&#038;p=2212"},"modified":"2024-08-02T19:38:26","modified_gmt":"2024-08-02T19:38:26","slug":"ap-450","status":"publish","type":"product","link":"https:\/\/tecmaq.com.br\/loja\/product\/ap-450\/","title":{"rendered":"AP 450"},"content":{"rendered":"\t\t<div data-elementor-type=\"product-post\" data-elementor-id=\"2212\" class=\"elementor elementor-2212\" data-elementor-post-type=\"product\">\n\t\t\t\t<div class=\"elementor-element elementor-element-2b79a276 e-flex e-con-boxed e-con e-parent\" data-id=\"2b79a276\" data-element_type=\"container\">\n\t\t\t\t\t<div class=\"e-con-inner\">\n\t\t\t\t<div class=\"elementor-element elementor-element-18294fac elementor-widget elementor-widget-text-editor\" data-id=\"18294fac\" data-element_type=\"widget\" data-widget_type=\"text-editor.default\">\n\t\t\t\t<div class=\"elementor-widget-container\">\n\t\t\t\t\t\t\t\t\t<div class=\"elementor-element elementor-element-fb53181 elementor-widget elementor-widget-text-editor\" data-id=\"fb53181\" data-element_type=\"widget\" data-widget_type=\"text-editor.default\"><div class=\"elementor-widget-container\"><div class=\"elementor-text-editor elementor-clearfix\"><p>Lan\u00e7ada pela TecMaq em 1993, a\u00a0<strong>seladora a v\u00e1cuo AP450 \u00e9 um equipamento manual e de f\u00e1cil opera\u00e7\u00e3o<\/strong>. Possui painel anal\u00f3gico com regulagem de tempo de v\u00e1cuo e tempo de solda. \u00c9\u00a0<strong>indicada para embalar produtos com carnes, queijos, pizzas, frios, massas, massa fresca, charques, entre outros produtos.<\/strong>\u00a0Ideal para quem est\u00e1 come\u00e7ando seu neg\u00f3cio e necessita de\u00a0<strong>uma m\u00e1quina a v\u00e1cuo vers\u00e1til com um \u00f3timo custo benef\u00edcio.<\/strong><\/p><p>A seladora\u00a0<strong>AP 450 pode fazer v\u00e1cuo em embalagens sem limite de comprimento<\/strong>, justamente porque a embalagem fica fora da m\u00e1quina. Nela pode-se embalar uma pe\u00e7a de contra-fil\u00e9 inteira, por exemplo.<\/p><\/div><\/div><\/div><div class=\"elementor-element elementor-element-60e5c81 elementor-widget elementor-widget-cms_heading\" data-id=\"60e5c81\" data-element_type=\"widget\" data-widget_type=\"cms_heading.default\"><div class=\"elementor-widget-container\"><div class=\"cms-heading-wrapper cms-heading-layout1 \"><h4 class=\"custom-heading \">Especifica\u00e7\u00f5es<\/h4><\/div><\/div><\/div><div class=\"elementor-element elementor-element-9e3afb2 elementor-widget elementor-widget-cms_list\" data-id=\"9e3afb2\" data-element_type=\"widget\" data-widget_type=\"cms_list.default\"><div class=\"elementor-widget-container\"><ul class=\"cms-list style2\"><li class=\"\"><i class=\"zmdi zmdi-check-circle\"><\/i>Peso: 30Kg<\/li><li class=\"\"><i class=\"zmdi zmdi-check-circle\"><\/i>Voltagem: 220v<\/li><li class=\"\"><i class=\"zmdi zmdi-check-circle\"><\/i>Painel Anal\u00f3gico<\/li><li class=\"\"><i class=\"zmdi zmdi-check-circle\"><\/i>Dimens\u00e3o do Mordente de 45cm<\/li><li class=\"\"><i class=\"zmdi zmdi-check-circle\"><\/i>Esta seladora n\u00e3o possui opcionais<\/li><li class=\"\"><i class=\"zmdi zmdi-check-circle\"><\/i>Capacidade de embalar at\u00e9 4 embalagens por minuto<\/li><li class=\"\"><i class=\"zmdi zmdi-check-circle\"><\/i>Embala sem limite de comprimento com embalagens de at\u00e9 45cm de largura<\/li><\/ul><\/div><\/div>\t\t\t\t\t\t\t\t<\/div>\n\t\t\t\t<\/div>\n\t\t\t\t\t<\/div>\n\t\t\t\t<\/div>\n\t\t\t\t<\/div>\n\t\t","protected":false},"excerpt":{"rendered":"<div class=\"elementor-element elementor-element-fb53181 elementor-widget elementor-widget-text-editor\" data-id=\"fb53181\" data-element_type=\"widget\" data-widget_type=\"text-editor.default\">\n<div class=\"elementor-widget-container\">\n<div class=\"elementor-text-editor elementor-clearfix\">\n<p>Lan\u00e7ada pela TecMaq em 1993, a\u00a0<strong>seladora a v\u00e1cuo AP450 \u00e9 um equipamento manual e de f\u00e1cil opera\u00e7\u00e3o<\/strong>. Possui painel anal\u00f3gico com regulagem de tempo de v\u00e1cuo e tempo de solda. \u00c9\u00a0<strong>indicada para embalar produtos com carnes, queijos, pizzas, frios, massas, massa fresca, charques, entre outros produtos.<\/strong>\u00a0Ideal para quem est\u00e1 come\u00e7ando seu neg\u00f3cio e necessita de\u00a0<strong>uma m\u00e1quina a v\u00e1cuo vers\u00e1til com um \u00f3timo custo benef\u00edcio.<\/strong><\/p>\n<p>A seladora\u00a0<strong>AP 450 pode fazer v\u00e1cuo em embalagens sem limite de comprimento<\/strong>, justamente porque a embalagem fica fora da m\u00e1quina. Nela pode-se embalar uma pe\u00e7a de contra-fil\u00e9 inteira, por exemplo.<\/p>\n<\/div>\n<\/div>\n<\/div>\n<div class=\"elementor-element elementor-element-60e5c81 elementor-widget elementor-widget-cms_heading\" data-id=\"60e5c81\" data-element_type=\"widget\" data-widget_type=\"cms_heading.default\">\n<div class=\"elementor-widget-container\">\n<div class=\"cms-heading-wrapper cms-heading-layout1 \">\n<h3><\/h3>\n<h3 class=\"custom-heading \">Especifica\u00e7\u00f5es<\/h3>\n<\/div>\n<\/div>\n<\/div>\n<div class=\"elementor-element elementor-element-9e3afb2 elementor-widget elementor-widget-cms_list\" data-id=\"9e3afb2\" data-element_type=\"widget\" data-widget_type=\"cms_list.default\">\n<div class=\"elementor-widget-container\">\n<p><i class=\"zmdi zmdi-check-circle\"><img loading=\"lazy\" loading=\"lazy\" decoding=\"async\" class=\"alignnone size-full wp-image-756\" src=\"https:\/\/xstore.8theme.com\/elementor2\/industrial-power-tools\/wp-content\/uploads\/sites\/6\/2023\/02\/Arrow.jpeg\" alt=\"\" width=\"12\" height=\"12\" \/>\u00a0<\/i><strong>Peso:<\/strong> 30Kg<br \/>\n<img loading=\"lazy\" loading=\"lazy\" decoding=\"async\" class=\"alignnone size-full wp-image-756\" src=\"https:\/\/xstore.8theme.com\/elementor2\/industrial-power-tools\/wp-content\/uploads\/sites\/6\/2023\/02\/Arrow.jpeg\" alt=\"\" width=\"12\" height=\"12\" \/>\u00a0<i class=\"zmdi zmdi-check-circle\"><\/i><strong>Voltagem:<\/strong> 220v<br \/>\n<img loading=\"lazy\" loading=\"lazy\" decoding=\"async\" class=\"alignnone size-full wp-image-756\" src=\"https:\/\/xstore.8theme.com\/elementor2\/industrial-power-tools\/wp-content\/uploads\/sites\/6\/2023\/02\/Arrow.jpeg\" alt=\"\" width=\"12\" height=\"12\" \/>\u00a0<i class=\"zmdi zmdi-check-circle\"><\/i>Painel Anal\u00f3gico<br \/>\n<img loading=\"lazy\" loading=\"lazy\" decoding=\"async\" class=\"alignnone size-full wp-image-756\" src=\"https:\/\/xstore.8theme.com\/elementor2\/industrial-power-tools\/wp-content\/uploads\/sites\/6\/2023\/02\/Arrow.jpeg\" alt=\"\" width=\"12\" height=\"12\" \/>\u00a0<i class=\"zmdi zmdi-check-circle\"><\/i>Dimens\u00e3o do Mordente de 45cm<br \/>\n<img loading=\"lazy\" loading=\"lazy\" decoding=\"async\" class=\"alignnone size-full wp-image-756\" src=\"https:\/\/xstore.8theme.com\/elementor2\/industrial-power-tools\/wp-content\/uploads\/sites\/6\/2023\/02\/Arrow.jpeg\" alt=\"\" width=\"12\" height=\"12\" \/>\u00a0<i class=\"zmdi zmdi-check-circle\"><\/i>Esta seladora n\u00e3o possui opcionais<br \/>\n<img loading=\"lazy\" loading=\"lazy\" decoding=\"async\" class=\"alignnone size-full wp-image-756\" src=\"https:\/\/xstore.8theme.com\/elementor2\/industrial-power-tools\/wp-content\/uploads\/sites\/6\/2023\/02\/Arrow.jpeg\" alt=\"\" width=\"12\" height=\"12\" \/>\u00a0<i class=\"zmdi zmdi-check-circle\"><\/i>Capacidade de embalar at\u00e9 4 embalagens por minuto<br \/>\n<img loading=\"lazy\" loading=\"lazy\" decoding=\"async\" class=\"alignnone size-full wp-image-756\" src=\"https:\/\/xstore.8theme.com\/elementor2\/industrial-power-tools\/wp-content\/uploads\/sites\/6\/2023\/02\/Arrow.jpeg\" alt=\"\" width=\"12\" height=\"12\" \/>\u00a0Embala sem limite de comprimento com embalagens de at\u00e9 45cm de largura<\/p>\n<\/div>\n<\/div>\n","protected":false},"featured_media":2217,"template":"","meta":[],"etheme_brands":[],"product_brand":[],"product_cat":[56],"product_tag":[],"class_list":{"0":"post-2212","1":"product","2":"type-product","3":"status-publish","4":"has-post-thumbnail","6":"product_cat-a-vacuo-de-succao","8":"first","9":"instock","10":"taxable","11":"shipping-taxable","12":"purchasable","13":"product-type-simple"},"_links":{"self":[{"href":"https:\/\/tecmaq.com.br\/loja\/wp-json\/wp\/v2\/product\/2212","targetHints":{"allow":["GET"]}}],"collection":[{"href":"https:\/\/tecmaq.com.br\/loja\/wp-json\/wp\/v2\/product"}],"about":[{"href":"https:\/\/tecmaq.com.br\/loja\/wp-json\/wp\/v2\/types\/product"}],"version-history":[{"count":6,"href":"https:\/\/tecmaq.com.br\/loja\/wp-json\/wp\/v2\/product\/2212\/revisions"}],"predecessor-version":[{"id":2261,"href":"https:\/\/tecmaq.com.br\/loja\/wp-json\/wp\/v2\/product\/2212\/revisions\/2261"}],"wp:featuredmedia":[{"embeddable":true,"href":"https:\/\/tecmaq.com.br\/loja\/wp-json\/wp\/v2\/media\/2217"}],"wp:attachment":[{"href":"https:\/\/tecmaq.com.br\/loja\/wp-json\/wp\/v2\/media?parent=2212"}],"wp:term":[{"taxonomy":"brand","embeddable":true,"href":"https:\/\/tecmaq.com.br\/loja\/wp-json\/wp\/v2\/etheme_brands?post=2212"},{"taxonomy":"product_brand","embeddable":true,"href":"https:\/\/tecmaq.com.br\/loja\/wp-json\/wp\/v2\/product_brand?post=2212"},{"taxonomy":"product_cat","embeddable":true,"href":"https:\/\/tecmaq.com.br\/loja\/wp-json\/wp\/v2\/product_cat?post=2212"},{"taxonomy":"product_tag","embeddable":true,"href":"https:\/\/tecmaq.com.br\/loja\/wp-json\/wp\/v2\/product_tag?post=2212"}],"curies":[{"name":"wp","href":"https:\/\/api.w.org\/{rel}","templated":true}]}}