{"id":2214,"date":"2024-08-02T14:22:29","date_gmt":"2024-08-02T14:22:29","guid":{"rendered":"https:\/\/tecmaq.com.br\/loja\/?post_type=product&#038;p=2214"},"modified":"2025-01-23T18:34:32","modified_gmt":"2025-01-23T18:34:32","slug":"ap-500","status":"publish","type":"product","link":"https:\/\/tecmaq.com.br\/loja\/product\/ap-500\/","title":{"rendered":"AP 500"},"content":{"rendered":"\t\t<div data-elementor-type=\"product-post\" data-elementor-id=\"2214\" class=\"elementor elementor-2214\" data-elementor-post-type=\"product\">\n\t\t\t\t<div class=\"elementor-element elementor-element-642cc84e e-flex e-con-boxed e-con e-parent\" data-id=\"642cc84e\" data-element_type=\"container\">\n\t\t\t\t\t<div class=\"e-con-inner\">\n\t\t\t\t<div class=\"elementor-element elementor-element-736b6c37 elementor-widget elementor-widget-text-editor\" data-id=\"736b6c37\" data-element_type=\"widget\" data-widget_type=\"text-editor.default\">\n\t\t\t\t<div class=\"elementor-widget-container\">\n\t\t\t\t\t\t\t\t\t<div class=\"elementor-element elementor-element-4256e6c elementor-widget elementor-widget-text-editor\" data-id=\"4256e6c\" data-element_type=\"widget\" data-widget_type=\"text-editor.default\"><div class=\"elementor-widget-container\"><div class=\"elementor-text-editor elementor-clearfix\"><p>Lan\u00e7ada pela TecMaq em 1997, a seladora a v\u00e1cuo AP500 \u00e9 um equipamento manual e de f\u00e1cil opera\u00e7\u00e3o.<\/p><p>Possui painel digital com regulagem de tempo de v\u00e1cuo, tempo de solda e opcional tempo de inje\u00e7\u00e3o de g\u00e1s. \u00c9 indicada para produtos que n\u00e3o podem amassar, por exemplo, alface, queijo ralado, sandu\u00edches naturais entre outros.<\/p><p>Pode embalar sem limite de comprimento e utilizar embalagens a v\u00e1cuo com at\u00e9 45 cm de largura.<\/p><p>Ideal para embalar carnes, queijos, pizzas, legumes, frios, embutidos, peixes entre outros produtos.<\/p><\/div><\/div><\/div>\t\t\t\t\t\t\t\t<\/div>\n\t\t\t\t<\/div>\n\t\t\t\t\t<\/div>\n\t\t\t\t<\/div>\n\t\t\t\t<\/div>\n\t\t","protected":false},"excerpt":{"rendered":"<div class=\"elementor-element elementor-element-cb5b7fb elementor-widget elementor-widget-text-editor\" data-id=\"cb5b7fb\" data-element_type=\"widget\" data-widget_type=\"text-editor.default\">\n<div class=\"elementor-widget-container\">\n<div class=\"elementor-text-editor elementor-clearfix\"><\/div>\n<\/div>\n<\/div>\n<div class=\"elementor-element elementor-element-604121c elementor-widget elementor-widget-cms_list\" data-id=\"604121c\" data-element_type=\"widget\" data-widget_type=\"cms_list.default\">\n<div class=\"elementor-widget-container\">\n<p><i class=\"zmdi zmdi-check-circle\"><img loading=\"lazy\" loading=\"lazy\" decoding=\"async\" class=\"alignnone size-full wp-image-756\" src=\"https:\/\/xstore.8theme.com\/elementor2\/industrial-power-tools\/wp-content\/uploads\/sites\/6\/2023\/02\/Arrow.jpeg\" alt=\"\" width=\"12\" height=\"12\" \/> <\/i><strong>Peso:<\/strong> 30Kg<br \/>\n<img loading=\"lazy\" loading=\"lazy\" decoding=\"async\" class=\"alignnone size-full wp-image-756\" src=\"https:\/\/xstore.8theme.com\/elementor2\/industrial-power-tools\/wp-content\/uploads\/sites\/6\/2023\/02\/Arrow.jpeg\" alt=\"\" width=\"12\" height=\"12\" \/> <i class=\"zmdi zmdi-check-circle\"><\/i>15 Programa<br \/>\n<img loading=\"lazy\" loading=\"lazy\" decoding=\"async\" class=\"alignnone size-full wp-image-756\" src=\"https:\/\/xstore.8theme.com\/elementor2\/industrial-power-tools\/wp-content\/uploads\/sites\/6\/2023\/02\/Arrow.jpeg\" alt=\"\" width=\"12\" height=\"12\" \/> <strong>Voltagem:<\/strong> 220v<br \/>\n<img loading=\"lazy\" loading=\"lazy\" decoding=\"async\" class=\"alignnone size-full wp-image-756\" src=\"https:\/\/xstore.8theme.com\/elementor2\/industrial-power-tools\/wp-content\/uploads\/sites\/6\/2023\/02\/Arrow.jpeg\" alt=\"\" width=\"12\" height=\"12\" \/> <i class=\"zmdi zmdi-check-circle\"><\/i>Painel Anal\u00f3gico<br \/>\n<img loading=\"lazy\" loading=\"lazy\" decoding=\"async\" class=\"alignnone size-full wp-image-756\" src=\"https:\/\/xstore.8theme.com\/elementor2\/industrial-power-tools\/wp-content\/uploads\/sites\/6\/2023\/02\/Arrow.jpeg\" alt=\"\" width=\"12\" height=\"12\" \/> <i class=\"zmdi zmdi-check-circle\"><\/i>Dimens\u00e3o do Mordente de 45cm<br \/>\n<img loading=\"lazy\" loading=\"lazy\" decoding=\"async\" class=\"alignnone size-full wp-image-756\" src=\"https:\/\/xstore.8theme.com\/elementor2\/industrial-power-tools\/wp-content\/uploads\/sites\/6\/2023\/02\/Arrow.jpeg\" alt=\"\" width=\"12\" height=\"12\" \/> <i class=\"zmdi zmdi-check-circle\"><\/i><strong>Opcional:<\/strong> Inje\u00e7\u00e3o de g\u00e1s\/ Painel Inteligente<br \/>\n<img loading=\"lazy\" loading=\"lazy\" decoding=\"async\" class=\"alignnone size-full wp-image-756\" src=\"https:\/\/xstore.8theme.com\/elementor2\/industrial-power-tools\/wp-content\/uploads\/sites\/6\/2023\/02\/Arrow.jpeg\" alt=\"\" width=\"12\" height=\"12\" \/> <i class=\"zmdi zmdi-check-circle\"><\/i>Capacidade de embalar at\u00e9 4 embalagens por minuto<br \/>\n<img loading=\"lazy\" loading=\"lazy\" decoding=\"async\" class=\"alignnone size-full wp-image-756\" src=\"https:\/\/xstore.8theme.com\/elementor2\/industrial-power-tools\/wp-content\/uploads\/sites\/6\/2023\/02\/Arrow.jpeg\" alt=\"\" width=\"12\" height=\"12\" \/> <i class=\"zmdi zmdi-check-circle\"><\/i>Embala sem limite de comprimento com embalagens de at\u00e9 45cm de largura<\/p>\n<\/div>\n<\/div>\n","protected":false},"featured_media":2216,"template":"","meta":[],"etheme_brands":[],"product_brand":[],"product_cat":[56],"product_tag":[],"class_list":{"0":"post-2214","1":"product","2":"type-product","3":"status-publish","4":"has-post-thumbnail","6":"product_cat-a-vacuo-de-succao","8":"first","9":"instock","10":"taxable","11":"shipping-taxable","12":"purchasable","13":"product-type-simple"},"_links":{"self":[{"href":"https:\/\/tecmaq.com.br\/loja\/wp-json\/wp\/v2\/product\/2214","targetHints":{"allow":["GET"]}}],"collection":[{"href":"https:\/\/tecmaq.com.br\/loja\/wp-json\/wp\/v2\/product"}],"about":[{"href":"https:\/\/tecmaq.com.br\/loja\/wp-json\/wp\/v2\/types\/product"}],"version-history":[{"count":9,"href":"https:\/\/tecmaq.com.br\/loja\/wp-json\/wp\/v2\/product\/2214\/revisions"}],"predecessor-version":[{"id":2262,"href":"https:\/\/tecmaq.com.br\/loja\/wp-json\/wp\/v2\/product\/2214\/revisions\/2262"}],"wp:featuredmedia":[{"embeddable":true,"href":"https:\/\/tecmaq.com.br\/loja\/wp-json\/wp\/v2\/media\/2216"}],"wp:attachment":[{"href":"https:\/\/tecmaq.com.br\/loja\/wp-json\/wp\/v2\/media?parent=2214"}],"wp:term":[{"taxonomy":"brand","embeddable":true,"href":"https:\/\/tecmaq.com.br\/loja\/wp-json\/wp\/v2\/etheme_brands?post=2214"},{"taxonomy":"product_brand","embeddable":true,"href":"https:\/\/tecmaq.com.br\/loja\/wp-json\/wp\/v2\/product_brand?post=2214"},{"taxonomy":"product_cat","embeddable":true,"href":"https:\/\/tecmaq.com.br\/loja\/wp-json\/wp\/v2\/product_cat?post=2214"},{"taxonomy":"product_tag","embeddable":true,"href":"https:\/\/tecmaq.com.br\/loja\/wp-json\/wp\/v2\/product_tag?post=2214"}],"curies":[{"name":"wp","href":"https:\/\/api.w.org\/{rel}","templated":true}]}}